{"id":19496,"date":"2025-09-10T01:44:27","date_gmt":"2025-09-10T01:44:27","guid":{"rendered":"https:\/\/eawinetours.com\/?page_id=19496"},"modified":"2025-09-22T17:33:31","modified_gmt":"2025-09-22T17:33:31","slug":"privacypolicy","status":"publish","type":"page","link":"https:\/\/eawinetours.com\/es\/privacypolicy\/","title":{"rendered":"Pol\u00edtica de Privacidad"},"content":{"rendered":"<div data-elementor-type=\"wp-page\" data-elementor-id=\"19496\" class=\"elementor elementor-19496\" data-elementor-post-type=\"page\">\n\t\t\t\t\t\t<section class=\"elementor-section elementor-top-section elementor-element elementor-element-507c4615 elementor-section-boxed elementor-section-height-default elementor-section-height-default sc_fly_static\" data-id=\"507c4615\" data-element_type=\"section\" data-e-type=\"section\">\n\t\t\t\t\t\t<div class=\"elementor-container elementor-column-gap-extended\">\n\t\t\t\t\t<div class=\"elementor-column elementor-col-100 elementor-top-column elementor-element elementor-element-2bc61c5e sc_content_align_inherit sc_layouts_column_icons_position_left sc_fly_static\" data-id=\"2bc61c5e\" data-element_type=\"column\" data-e-type=\"column\">\n\t\t\t<div class=\"elementor-widget-wrap elementor-element-populated\">\n\t\t\t\t\t\t<div class=\"elementor-element elementor-element-74cbba9a sc_fly_static elementor-widget elementor-widget-text-editor\" data-id=\"74cbba9a\" data-element_type=\"widget\" data-e-type=\"widget\" data-widget_type=\"text-editor.default\">\n\t\t\t\t<div class=\"elementor-widget-container\">\n\t\t\t\t\t\t\t\t\t<h1>Pol\u00edtica de Privacidad<\/h1>\n<p>\u00daltima actualizaci\u00f3n: 10 de septiembre de 2025<\/p>\n<p>Esta Pol\u00edtica de Privacidad describe Nuestras pol\u00edticas y procedimientos sobre la recopilaci\u00f3n, uso y divulgaci\u00f3n de Su informaci\u00f3n cuando utiliza el Servicio y le informa sobre Sus derechos de privacidad y c\u00f3mo la ley lo protege.<\/p>\n<p>Utilizamos sus datos personales para prestar y mejorar el Servicio. Al utilizar el Servicio, usted acepta la recopilaci\u00f3n y el uso de informaci\u00f3n de acuerdo con esta Pol\u00edtica de Privacidad.<\/p>\n<h2>Interpretaci\u00f3n y definiciones<\/h2>\n<h3>Interpretaci\u00f3n<\/h3>\n<p>Las palabras cuya letra inicial es may\u00fascula tienen significados definidos en las siguientes condiciones. Las siguientes definiciones tendr\u00e1n el mismo significado independientemente de si aparecen en singular o en plural.<\/p>\n<h3>Definiciones<\/h3>\n<p>A los efectos de esta Pol\u00edtica de Privacidad:<\/p>\n<ul>\n<li>\n<p><strong>Cuenta<\/strong> significa una cuenta \u00fanica creada para que Usted acceda a nuestro Servicio o partes de nuestro Servicio.<\/p>\n<\/li>\n<li>\n<p><strong>Filial<\/strong> significa una entidad que controla, es controlada por o est\u00e1 bajo control com\u00fan con una parte, donde \u201ccontrol\u201d significa propiedad del 50% o m\u00e1s de las acciones, participaciones de capital u otros valores con derecho a voto para la elecci\u00f3n de directores u otra autoridad administrativa.<\/p>\n<\/li>\n<li>\n<p><strong>Empresa<\/strong> (en este Acuerdo se hace referencia a \u201cla Compa\u00f1\u00eda\u201d, \u201cNosotros\u201d, \u201cNos\u201d o \u201cNuestro\u201d) se refiere a E&amp;A Wine Tours, Napa Valley, California.<\/p>\n<\/li>\n<li>\n<p><strong>Cookies<\/strong> son peque\u00f1os archivos que un sitio web coloca en su computadora, dispositivo m\u00f3vil o cualquier otro dispositivo, y que contienen los detalles de su historial de navegaci\u00f3n en ese sitio web, entre sus muchos usos.<\/p>\n<\/li>\n<li>\n<p><strong>Pa\u00eds<\/strong> se refiere a: California, Estados Unidos<\/p>\n<\/li>\n<li>\n<p><strong>Dispositivo<\/strong> significa cualquier dispositivo que pueda acceder al Servicio, como una computadora, un tel\u00e9fono celular o una tableta digital.<\/p>\n<\/li>\n<li>\n<p><strong>Datos Personal<\/strong> is any information that relates to an identified or identifiable individual.<\/p>\n<\/li>\n<li>\n<p><strong>Servicio<\/strong> se refiere al sitio web.<\/p>\n<\/li>\n<li>\n<p><strong>Proveedor de Servicios<\/strong> Se refiere a cualquier persona f\u00edsica o jur\u00eddica que procese los datos en nombre de la Compa\u00f1\u00eda. Se refiere a empresas o personas externas contratadas por la Compa\u00f1\u00eda para facilitar el Servicio, prestarlo en nombre de la Compa\u00f1\u00eda, realizar servicios relacionados con el Servicio o ayudar a la Compa\u00f1\u00eda a analizar su uso.<\/p>\n<\/li>\n<li>\n<p><strong>Servicio de redes sociales de terceros<\/strong> se refiere a cualquier sitio web o cualquier sitio web de red social a trav\u00e9s del cual un Usuario puede iniciar sesi\u00f3n o crear una cuenta para utilizar el Servicio.<\/p>\n<\/li>\n<li>\n<p><strong>Datos de uso<\/strong> refers to data collected automatically, either generated by the use of the Service or from the Service infrastructure itself (for example, the duration of a page visit).<\/p>\n<\/li>\n<li>\n<p><strong>Sitio Web<\/strong> se refiere a E&amp;A Wine Tours, accesible desde <a href=\"https:\/\/eawinetours.com\/es\/\" target=\"_blank\" rel=\"external nofollow noopener\">https:\/\/eawinetours.com\/<\/a><\/p>\n<\/li>\n<li>\n<p><strong>T\u00fa<\/strong> significa el individuo que accede o utiliza el Servicio, o la empresa u otra entidad legal en nombre de la cual dicho individuo accede o utiliza el Servicio, seg\u00fan corresponda.<\/p>\n<\/li>\n<\/ul>\n<h2>Recopilaci\u00f3n y uso de sus datos personales<\/h2>\n<h3>Tipos de datos recopilados<\/h3>\n<h4>Datos Personal<\/h4>\n<p>Al utilizar nuestro Servicio, podr\u00edamos solicitarle informaci\u00f3n personal identificable que pueda utilizarse para contactarle o identificarle. Esta informaci\u00f3n puede incluir, entre otros:<\/p>\n<ul>\n<li>\n<p>Correo Electr\u00f3nico<\/p>\n<\/li>\n<li>\n<p>Nombre y apellido<\/p>\n<\/li>\n<li>\n<p>N\u00famero de tel\u00e9fono<\/p>\n<\/li>\n<li>\n<p>Direcci\u00f3n, Estado, Provincia, C\u00f3digo postal, Ciudad<\/p>\n<\/li>\n<li>\n<p>Datos de uso<\/p>\n<\/li>\n<\/ul>\n<h4>Datos de uso<\/h4>\n<p>Los datos de uso se recopilan autom\u00e1ticamente al utilizar el Servicio.<\/p>\n<p>Los datos de uso pueden incluir informaci\u00f3n como la direcci\u00f3n de protocolo de Internet de su dispositivo (por ejemplo, direcci\u00f3n IP), el tipo de navegador, la versi\u00f3n del navegador, las p\u00e1ginas de nuestro Servicio que visita, la hora y la fecha de su visita, el tiempo dedicado a esas p\u00e1ginas, identificadores \u00fanicos del dispositivo y otros datos de diagn\u00f3stico.<\/p>\n<p>Cuando accede al Servicio mediante o a trav\u00e9s de un dispositivo m\u00f3vil, podemos recopilar cierta informaci\u00f3n autom\u00e1ticamente, incluyendo, entre otros, el tipo de dispositivo m\u00f3vil que utiliza, el ID \u00fanico de su dispositivo m\u00f3vil, la direcci\u00f3n IP de su dispositivo m\u00f3vil, su sistema operativo m\u00f3vil, el tipo de navegador de Internet m\u00f3vil que utiliza, identificadores \u00fanicos de dispositivo y otros datos de diagn\u00f3stico.<\/p>\n<p>We may also collect information that Your browser sends whenever You visit our Service or when You access the Service by or through a mobile device.<\/p>\n<h4>Informaci\u00f3n de servicios de redes sociales de terceros<\/h4>\n<p>La Compa\u00f1\u00eda le permite crear una cuenta e iniciar sesi\u00f3n para utilizar el Servicio a trav\u00e9s de los siguientes Servicios de redes sociales de terceros:<\/p>\n<ul>\n<li>Google<\/li>\n<li>Facebook<\/li>\n<li>Instagram<\/li>\n<li>Twitter<\/li>\n<li>LinkedIn<\/li>\n<\/ul>\n<p>Si decide registrarse a trav\u00e9s de un servicio de redes sociales de terceros o concedernos acceso a \u00e9l, podremos recopilar datos personales que ya est\u00e9n asociados con su cuenta de dicho servicio, como su nombre, su direcci\u00f3n de correo electr\u00f3nico, sus actividades o su lista de contactos asociada a esa cuenta.<\/p>\n<p>Tambi\u00e9n puede tener la opci\u00f3n de compartir informaci\u00f3n adicional con la Compa\u00f1\u00eda a trav\u00e9s de su cuenta de Redes Sociales de Terceros. Si decide proporcionar dicha informaci\u00f3n y Datos Personales, durante el registro o de otro modo, autoriza a la Compa\u00f1\u00eda a usarla, compartirla y almacenarla de conformidad con esta Pol\u00edtica de Privacidad.<\/p>\n<h4>Tecnolog\u00edas de seguimiento y Cookies<\/h4>\n<p>Utilizamos cookies y tecnolog\u00edas de seguimiento similares para rastrear la actividad en nuestro Servicio y almacenar cierta informaci\u00f3n. Las tecnolog\u00edas de seguimiento que utilizamos son balizas, etiquetas y scripts para recopilar y rastrear informaci\u00f3n, as\u00ed como para mejorar y analizar nuestro Servicio. Las tecnolog\u00edas que utilizamos pueden incluir:<\/p>\n<ul>\n<li><strong>Cookies o Cookies del Navegador.<\/strong> Una cookie es un peque\u00f1o archivo que se almacena en su dispositivo. Puede configurar su navegador para que rechace todas las cookies o para que le indique cu\u00e1ndo se env\u00eda una. Sin embargo, si no acepta las cookies, es posible que no pueda usar algunas partes de nuestro Servicio. A menos que haya configurado su navegador para que rechace las cookies, nuestro Servicio podr\u00eda usarlas.<\/li>\n<li><strong>Balizas web.<\/strong> Algunas secciones de nuestro Servicio y nuestros correos electr\u00f3nicos pueden contener peque\u00f1os archivos electr\u00f3nicos conocidos como balizas web (tambi\u00e9n conocidos como gifs transparentes, etiquetas de p\u00edxeles y gifs de un solo p\u00edxel) que permiten a la Compa\u00f1\u00eda, por ejemplo, contar los usuarios que han visitado esas p\u00e1ginas o abierto un correo electr\u00f3nico y para otras estad\u00edsticas relacionadas con el sitio web (por ejemplo, registrar la popularidad de una determinada secci\u00f3n y verificar la integridad del sistema y del servidor).<\/li>\n<\/ul>\n<p>Las cookies pueden ser persistentes o de sesi\u00f3n. Las persistentes permanecen en su ordenador o dispositivo m\u00f3vil cuando se desconecta, mientras que las de sesi\u00f3n se eliminan al cerrar el navegador. Puede obtener m\u00e1s informaci\u00f3n sobre las cookies en <a href=\"https:\/\/www.termsfeed.com\/blog\/cookies\/#What_Are_Cookies\" target=\"_blank\" rel=\"noopener\">Sitio web TermsFeed<\/a> art\u00edculo.<\/p>\n<p>Utilizamos cookies de sesi\u00f3n y persistentes para los fines que se detallan a continuaci\u00f3n:<\/p>\n<ul>\n<li>\n<p><strong>Cookies necesarias\/esenciales<\/strong><\/p>\n<p>Type: Session Cookies<\/p>\n<p>Administrado por: Nosotros<\/p>\n<p>Finalidad: Estas cookies son esenciales para proporcionarle los servicios disponibles a trav\u00e9s del sitio web y permitirle utilizar algunas de sus funciones. Ayudan a autenticar a los usuarios y a evitar el uso fraudulento de las cuentas de usuario. Sin estas cookies, no podemos proporcionarle los servicios que ha solicitado, y solo las utilizamos para proporcionarle dichos servicios.<\/p>\n<\/li>\n<li>\n<p><strong>Pol\u00edtica de Cookies \/ Aceptaci\u00f3n del Aviso de Cookies<\/strong><\/p>\n<p>Tipo: Cookies persistentes<\/p>\n<p>Administrado por: Nosotros<\/p>\n<p>Finalidad: Estas Cookies identifican si los usuarios han aceptado el uso de cookies en el Sitio Web.<\/p>\n<\/li>\n<li>\n<p><strong>Cookies de funcionalidad<\/strong><\/p>\n<p>Tipo: Cookies persistentes<\/p>\n<p>Administrado por: Nosotros<\/p>\n<p>Finalidad: Estas cookies nos permiten recordar las opciones que usted elige al usar el sitio web, como sus datos de inicio de sesi\u00f3n o su preferencia de idioma. El objetivo de estas cookies es brindarle una experiencia m\u00e1s personalizada y evitar que tenga que volver a ingresar sus preferencias cada vez que usa el sitio web.<\/p>\n<\/li>\n<\/ul>\n<p>Para obtener m\u00e1s informaci\u00f3n sobre las cookies que utilizamos y sus opciones con respecto a las cookies, visite nuestra Pol\u00edtica de cookies o la secci\u00f3n de Cookies de nuestra Pol\u00edtica de privacidad.<\/p>\n<h3>Uso de sus datos personales<\/h3>\n<p>La Compa\u00f1\u00eda podr\u00e1 utilizar los Datos Personales para los siguientes fines:<\/p>\n<ul>\n<li>\n<p><strong>Para proporcionar y mantener nuestro Servicio<\/strong>, incluido el seguimiento del uso de nuestro Servicio.<\/p>\n<\/li>\n<li>\n<p><strong>Para administrar su cuenta:<\/strong> Para gestionar su registro como usuario del Servicio. Los Datos Personales que proporcione pueden darle acceso a diferentes funcionalidades del Servicio disponibles como usuario registrado.<\/p>\n<\/li>\n<li>\n<p><strong>Para la ejecuci\u00f3n de un contrato:<\/strong> el desarrollo, cumplimiento y ejecuci\u00f3n del contrato de compra de los productos, art\u00edculos o servicios que haya adquirido o de cualquier otro contrato con Nosotros a trav\u00e9s del Servicio.<\/p>\n<\/li>\n<li>\n<p><strong>Para contactarte:<\/strong> Para contactarte por correo electr\u00f3nico, llamadas telef\u00f3nicas, SMS u otras formas equivalentes de comunicaci\u00f3n electr\u00f3nica, como las notificaciones push de una aplicaci\u00f3n m\u00f3vil sobre actualizaciones o comunicaciones informativas relacionadas con las funcionalidades, productos o servicios contratados, incluidas las actualizaciones de seguridad, cuando sea necesario o razonable para su implementaci\u00f3n.<\/p>\n<\/li>\n<li>\n<p><strong>Para brindarle<\/strong> con noticias, ofertas especiales e informaci\u00f3n general sobre otros bienes, servicios y eventos que ofrecemos que sean similares a los que ya ha adquirido o consultado a menos que haya optado por no recibir dicha informaci\u00f3n.<\/p>\n<\/li>\n<li>\n<p><strong>Para gestionar sus solicitudes:<\/strong> Para atender y gestionar sus solicitudes hacia Nosotros.<\/p>\n<\/li>\n<li>\n<p><strong>Para transferencias de empresas:<\/strong> Podemos utilizar su informaci\u00f3n para evaluar o llevar a cabo una fusi\u00f3n, desinversi\u00f3n, reestructuraci\u00f3n, reorganizaci\u00f3n, disoluci\u00f3n u otra venta o transferencia de algunos o todos nuestros activos, ya sea como un negocio en marcha o como parte de una quiebra, liquidaci\u00f3n o procedimiento similar, en el que los datos personales que tenemos sobre los usuarios de nuestro Servicio se encuentran entre los activos transferidos.<\/p>\n<\/li>\n<li>\n<p><strong>Para otros fines<\/strong>: Podemos utilizar su informaci\u00f3n para otros fines, como an\u00e1lisis de datos, identificaci\u00f3n de tendencias de uso, determinaci\u00f3n de la efectividad de nuestras campa\u00f1as promocionales y para evaluar y mejorar nuestro Servicio, productos, servicios, marketing y su experiencia.<\/p>\n<\/li>\n<\/ul>\n<p>Podemos compartir su informaci\u00f3n personal en las siguientes situaciones:<\/p>\n<ul>\n<li><strong>Con proveedores de servicios:<\/strong> Podemos compartir su informaci\u00f3n personal con proveedores de servicios para monitorear y analizar el uso de nuestro Servicio y para comunicarnos con usted.<\/li>\n<li><strong>Para transferencias de empresas:<\/strong> Podemos compartir o transferir su informaci\u00f3n personal en relaci\u00f3n con, o durante las negociaciones de, cualquier fusi\u00f3n, venta de activos de la empresa, financiaci\u00f3n o adquisici\u00f3n de la totalidad o una parte de nuestro negocio a otra empresa.<\/li>\n<li><strong>Con afiliados:<\/strong> Podemos compartir su informaci\u00f3n con nuestras filiales, en cuyo caso les exigiremos que cumplan con esta Pol\u00edtica de Privacidad. Las filiales incluyen nuestra empresa matriz y cualquier otra subsidiaria, socio de empresa conjunta u otras empresas que controlemos o que est\u00e9n bajo nuestro control com\u00fan.<\/li>\n<li><strong>Con socios comerciales:<\/strong> Podemos compartir su informaci\u00f3n con nuestros socios comerciales para ofrecerle ciertos productos, servicios o promociones.<\/li>\n<li><strong>Con otros usuarios:<\/strong> Cuando compartes informaci\u00f3n personal o interact\u00faas con otros usuarios en \u00e1reas p\u00fablicas, dicha informaci\u00f3n podr\u00e1 ser vista por todos los usuarios y distribuida p\u00fablicamente. Si interact\u00faas con otros usuarios o te registras a trav\u00e9s de una red social externa, tus contactos en dicha red social podr\u00e1n ver tu nombre, perfil, fotos y la descripci\u00f3n de tu actividad. Asimismo, otros usuarios podr\u00e1n ver la descripci\u00f3n de tu actividad, comunicarse contigo y ver tu perfil.<\/li>\n<li><strong>Con su consentimiento<\/strong>:Podemos divulgar su informaci\u00f3n personal para cualquier otro prop\u00f3sito con su consentimiento.<\/li>\n<\/ul>\n<h3>Conservaci\u00f3n de sus datos personales<\/h3>\n<p>La Compa\u00f1\u00eda conservar\u00e1 sus Datos Personales \u00fanicamente durante el tiempo necesario para los fines establecidos en esta Pol\u00edtica de Privacidad. Conservaremos y utilizaremos sus Datos Personales en la medida necesaria para cumplir con nuestras obligaciones legales (por ejemplo, si estamos obligados a conservar sus datos para cumplir con la legislaci\u00f3n aplicable), resolver disputas y hacer cumplir nuestros acuerdos y pol\u00edticas legales.<\/p>\n<p>La Compa\u00f1\u00eda tambi\u00e9n conservar\u00e1 los Datos de Uso para fines de an\u00e1lisis interno. Generalmente, estos datos se conservan durante un periodo m\u00e1s corto, excepto cuando se utilicen para reforzar la seguridad o mejorar la funcionalidad de nuestro Servicio, o cuando estemos legalmente obligados a conservarlos durante periodos m\u00e1s largos.<\/p>\n<h3>Transferencia de sus datos personales<\/h3>\n<p>Su informaci\u00f3n, incluidos sus Datos Personales, se procesa en las oficinas operativas de la Compa\u00f1\u00eda y en cualquier otro lugar donde se encuentren las partes involucradas en el procesamiento. Esto significa que esta informaci\u00f3n puede transferirse y almacenarse en computadoras ubicadas fuera de su estado, provincia, pa\u00eds u otra jurisdicci\u00f3n gubernamental donde las leyes de protecci\u00f3n de datos pueden ser diferentes a las de su jurisdicci\u00f3n.<\/p>\n<p>Su consentimiento a esta Pol\u00edtica de privacidad seguido de su env\u00edo de dicha informaci\u00f3n representa su aceptaci\u00f3n de dicha transferencia.<\/p>\n<p>La Compa\u00f1\u00eda tomar\u00e1 todas las medidas razonablemente necesarias para garantizar que sus datos sean tratados de forma segura y de acuerdo con esta Pol\u00edtica de privacidad y no se realizar\u00e1 ninguna transferencia de sus datos personales a una organizaci\u00f3n o un pa\u00eds a menos que existan controles adecuados, incluida la seguridad de sus datos y otra informaci\u00f3n personal.<\/p>\n<h3>Eliminar sus datos personales<\/h3>\n<p>Tiene derecho a eliminar o solicitar que le ayudemos a eliminar los Datos Personales que hemos recopilado sobre usted.<\/p>\n<p>Our Service may give You the ability to delete certain information about You from within the Service.<\/p>\n<p>Puede actualizar, modificar o eliminar su informaci\u00f3n en cualquier momento iniciando sesi\u00f3n en su cuenta, si la tiene, y visitando la secci\u00f3n de configuraci\u00f3n de la cuenta, que le permite administrar su informaci\u00f3n personal. Tambi\u00e9n puede contactarnos para solicitar acceso, corregir o eliminar cualquier informaci\u00f3n personal que nos haya proporcionado.<\/p>\n<p>Sin embargo, tenga en cuenta que es posible que necesitemos conservar cierta informaci\u00f3n cuando tengamos una obligaci\u00f3n legal o una base legal para hacerlo.<\/p>\n<h3>Divulgaci\u00f3n de sus datos personales<\/h3>\n<h4>Transacciones comerciales<\/h4>\n<p>Si la Compa\u00f1\u00eda participa en una fusi\u00f3n, adquisici\u00f3n o venta de activos, sus Datos Personales podr\u00edan ser transferidos. Le notificaremos antes de que sus Datos Personales sean transferidos y queden sujetos a una Pol\u00edtica de Privacidad diferente.<\/p>\n<h4>Aplicaci\u00f3n de la ley<\/h4>\n<p>En determinadas circunstancias, la Compa\u00f1\u00eda puede estar obligada a revelar sus Datos Personales si as\u00ed lo exige la ley o en respuesta a solicitudes v\u00e1lidas de autoridades p\u00fablicas (por ejemplo, un tribunal o una agencia gubernamental).<\/p>\n<h4>Otros requisitos legales<\/h4>\n<p>La Compa\u00f1\u00eda puede divulgar sus Datos Personales creyendo de buena fe que dicha acci\u00f3n es necesaria para:<\/p>\n<ul>\n<li>Cumplir con una obligaci\u00f3n legal<\/li>\n<li>Proteger y defender los derechos o propiedad de la Compa\u00f1\u00eda<\/li>\n<li>Prevenir o investigar posibles infracciones en relaci\u00f3n con el Servicio<\/li>\n<li>Proteger la seguridad personal de los Usuarios del Servicio o del p\u00fablico<\/li>\n<li>Protegerse contra la responsabilidad legal<\/li>\n<\/ul>\n<h3>Security of Your Personal Data<\/h3>\n<p>La seguridad de sus Datos Personales es importante para Nosotros, pero recuerde que ning\u00fan m\u00e9todo de transmisi\u00f3n por internet ni de almacenamiento electr\u00f3nico es 100% seguro. Si bien nos esforzamos por utilizar medios comercialmente aceptables para proteger sus Datos Personales, no podemos garantizar su seguridad absoluta.<\/p>\n<h2>Privacidad de los ni\u00f1os<\/h2>\n<p>Nuestro Servicio no est\u00e1 dirigido a menores de 13 a\u00f1os. No recopilamos deliberadamente informaci\u00f3n personal identificable de menores de 13 a\u00f1os. Si usted es padre, madre o tutor y sabe que su hijo nos ha proporcionado datos personales, p\u00f3ngase en contacto con nosotros. Si detectamos que hemos recopilado datos personales de menores de 13 a\u00f1os sin verificar el consentimiento parental, tomaremos medidas para eliminar dicha informaci\u00f3n de nuestros servidores.<\/p>\n<p>Si necesitamos confiar en el consentimiento como base legal para procesar su informaci\u00f3n y su pa\u00eds requiere el consentimiento de uno de los padres, es posible que necesitemos el consentimiento de sus padres antes de recopilar y utilizar esa informaci\u00f3n.<\/p>\n<h2>Enlaces a otros sitios web<\/h2>\n<p>Nuestro Servicio puede contener enlaces a otros sitios web no operados por Nosotros. Si hace clic en un enlace de un tercero, ser\u00e1 redirigido a su sitio web. Le recomendamos encarecidamente que revise la Pol\u00edtica de Privacidad de cada sitio que visite.<\/p>\n<p>No tenemos control ni asumimos ninguna responsabilidad por el contenido, las pol\u00edticas de privacidad o las pr\u00e1cticas de sitios o servicios de terceros.<\/p>\n<h2>Cambios a esta Pol\u00edtica de Privacidad<\/h2>\n<p>Es posible que actualicemos nuestra Pol\u00edtica de Privacidad peri\u00f3dicamente. Le notificaremos cualquier cambio publicando la nueva Pol\u00edtica de Privacidad en esta p\u00e1gina.<\/p>\n<p>Le informaremos por correo electr\u00f3nico y\/o un aviso destacado en Nuestro Servicio, antes de que el cambio entre en vigencia y actualizaremos la fecha de \u201c\u00daltima actualizaci\u00f3n\u201d en la parte superior de esta Pol\u00edtica de privacidad.<\/p>\n<p>Le recomendamos revisar esta Pol\u00edtica de Privacidad peri\u00f3dicamente para estar al tanto de cualquier cambio. Los cambios a esta Pol\u00edtica de Privacidad entran en vigor al publicarse en esta p\u00e1gina.<\/p>\n<h2>Cont\u00e1ctanos<\/h2>\n<p>Si tiene alguna pregunta sobre esta Pol\u00edtica de Privacidad, puede contactarnos:<\/p>\n<ul>\n<li>Por correo electr\u00f3nico: eawinetours@gmail.com<\/li>\n<\/ul>\t\t\t\t\t\t\t\t<\/div>\n\t\t\t\t<\/div>\n\t\t\t\t\t<\/div>\n\t\t<\/div>\n\t\t\t\t\t<\/div>\n\t\t<\/section>\n\t\t\t\t<\/div>","protected":false},"excerpt":{"rendered":"<p>Privacy Policy Last updated: September 10, 2025 This Privacy Policy describes Our policies and procedures on the collection, use and disclosure of Your information when You use the Service and&hellip;<\/p>","protected":false},"author":1,"featured_media":0,"parent":0,"menu_order":0,"comment_status":"closed","ping_status":"closed","template":"","meta":{"_glsr_average":0,"_glsr_ranking":0,"_glsr_reviews":0,"footnotes":""},"class_list":["post-19496","page","type-page","status-publish","hentry"],"aioseo_notices":[],"_links":{"self":[{"href":"https:\/\/eawinetours.com\/es\/wp-json\/wp\/v2\/pages\/19496","targetHints":{"allow":["GET"]}}],"collection":[{"href":"https:\/\/eawinetours.com\/es\/wp-json\/wp\/v2\/pages"}],"about":[{"href":"https:\/\/eawinetours.com\/es\/wp-json\/wp\/v2\/types\/page"}],"author":[{"embeddable":true,"href":"https:\/\/eawinetours.com\/es\/wp-json\/wp\/v2\/users\/1"}],"replies":[{"embeddable":true,"href":"https:\/\/eawinetours.com\/es\/wp-json\/wp\/v2\/comments?post=19496"}],"version-history":[{"count":7,"href":"https:\/\/eawinetours.com\/es\/wp-json\/wp\/v2\/pages\/19496\/revisions"}],"predecessor-version":[{"id":19710,"href":"https:\/\/eawinetours.com\/es\/wp-json\/wp\/v2\/pages\/19496\/revisions\/19710"}],"wp:attachment":[{"href":"https:\/\/eawinetours.com\/es\/wp-json\/wp\/v2\/media?parent=19496"}],"curies":[{"name":"wp","href":"https:\/\/api.w.org\/{rel}","templated":true}]}}